{"id":3543,"date":"2026-03-16T15:00:42","date_gmt":"2026-03-16T15:00:42","guid":{"rendered":"https:\/\/www.tarikahmet.com\/?page_id=3543"},"modified":"2026-04-27T00:09:02","modified_gmt":"2026-04-27T00:09:02","slug":"pedodonti","status":"publish","type":"page","link":"https:\/\/www.tarikahmet.com\/en\/pedodonti\/","title":{"rendered":"Pediartic Dentistry"},"content":{"rendered":"<div data-elementor-type=\"wp-page\" data-elementor-id=\"3543\" class=\"elementor elementor-3543\">\n\t\t\t\t<div class=\"elementor-element elementor-element-960dc75 e-flex e-con-boxed pxl-column-none pxl-row-scroll-none pxl-zoom-point-false pxl-section-overflow-visible pxl-section-fix-none pxl-full-content-with-space-none pxl-bg-color-none pxl-section-overlay-none e-con e-parent\" data-id=\"960dc75\" data-element_type=\"container\">\t\t\t<div class=\"e-con-inner\">\r\n\t\t<div class=\"elementor-element elementor-element-10a6538 e-con-full e-flex pxl-column-none pxl-row-scroll-none pxl-zoom-point-false pxl-section-overflow-visible pxl-section-fix-none pxl-full-content-with-space-none pxl-bg-color-none pxl-section-overlay-none e-con e-child\" data-id=\"10a6538\" data-element_type=\"container\"><div class=\"elementor-element elementor-element-48d5b4c e-con-full e-flex pxl-column-none pxl-row-scroll-none pxl-zoom-point-false pxl-section-overflow-visible pxl-section-fix-none pxl-full-content-with-space-none pxl-bg-color-none pxl-section-overlay-none e-con e-child\" data-id=\"48d5b4c\" data-element_type=\"container\">\t\t<div class=\"elementor-element elementor-element-0a51e32 elementor-widget elementor-widget-pxl_image\" data-id=\"0a51e32\" data-element_type=\"widget\" data-widget_type=\"pxl_image.default\">\n\t\t\t\t<div class=\"elementor-widget-container\">\n\t\t\t\t\t<div id=\"pxl_image-0a51e32-7812\" class=\"pxl-image-single  style-default wow zoomInSmall\" data-wow-delay=\"300ms\" >\r\n    <div class=\"pxl-item--inner\" data-wow-delay=\"120ms\">\r\n        \r\n                                <div class=\"pxl-item--bg bg-image wow scaleIn\" data-wow-delay=\"300ms\" style=\"background-image: url(https:\/\/www.tarikahmet.com\/wp-content\/uploads\/2026\/03\/pedodonti1.png);\"><\/div>\r\n                                <\/div>\r\n<\/div>\t\t\t\t<\/div>\n\t\t\t\t<\/div>\n\t\t\t\t<\/div>\r\n\t\t<div class=\"elementor-element elementor-element-7f54c12 e-con-full e-flex pxl-column-none pxl-row-scroll-none pxl-zoom-point-false pxl-section-overflow-visible pxl-section-fix-none pxl-full-content-with-space-none pxl-bg-color-none pxl-section-overlay-none e-con e-child\" data-id=\"7f54c12\" data-element_type=\"container\">\t\t<div class=\"elementor-element elementor-element-b42a622 elementor-widget elementor-widget-pxl_image\" data-id=\"b42a622\" data-element_type=\"widget\" data-widget_type=\"pxl_image.default\">\n\t\t\t\t<div class=\"elementor-widget-container\">\n\t\t\t\t\t<div id=\"pxl_image-b42a622-1849\" class=\"pxl-image-single  style-default wow zoomInSmall\" data-wow-delay=\"500ms\" >\r\n    <div class=\"pxl-item--inner\" data-wow-delay=\"120ms\">\r\n        \r\n                                <div class=\"pxl-item--bg bg-image wow scaleIn\" data-wow-delay=\"500ms\" style=\"background-image: url(https:\/\/www.tarikahmet.com\/wp-content\/uploads\/2026\/03\/pedodonti2.png);\"><\/div>\r\n                                <\/div>\r\n<\/div>\t\t\t\t<\/div>\n\t\t\t\t<\/div>\n\t\t\t\t<\/div>\r\n\t\t\t\t<\/div>\r\n\t\t<div class=\"elementor-element elementor-element-f1cfdef e-con-full e-flex pxl-column-none pxl-row-scroll-none pxl-zoom-point-false pxl-section-overflow-visible pxl-section-fix-none pxl-full-content-with-space-none pxl-bg-color-none pxl-section-overlay-none e-con e-child\" data-id=\"f1cfdef\" data-element_type=\"container\">\t\t<div class=\"elementor-element elementor-element-f535c9a elementor-widget elementor-widget-pxl_heading\" data-id=\"f535c9a\" data-element_type=\"widget\" data-widget_type=\"pxl_heading.default\">\n\t\t\t\t<div class=\"elementor-widget-container\">\n\t\t\t\t\t<div id=\"pxl-pxl_heading-f535c9a-6211\" class=\"pxl-heading px-sub-title-default-style\">\n\t<div class=\"pxl-heading--inner\">\n\t\t\n\t\t\t\t\t<div class=\"pxl-item--subtitle px-sub-title-default wow fadeInUp\" data-wow-delay=\"300ms\">\n\t\t\t\t\t\t\t\t<span class=\"pxl-item--subtext\">\n\t\t\t\t\tDt. Tar\u0131k Ahmet\t\t\t\t<\/span>\n\t\t\t<\/div>\n\t\t\n\t\t<h2 class=\"pxl-item--title wow fadeInUp\" data-wow-delay=\"400ms\">\n\t\t\tWhat Is Pediatric Dentistry?\t\t\n\t\t<\/h2>\n\n\t\t\t\t\n\t<\/div>\n<\/div>\t\t\t\t<\/div>\n\t\t\t\t<\/div>\n\t\t\t\t<div class=\"elementor-element elementor-element-a180412 elementor-widget elementor-widget-pxl_text_editor\" data-id=\"a180412\" data-element_type=\"widget\" data-widget_type=\"pxl_text_editor.default\">\n\t\t\t\t<div class=\"elementor-widget-container\">\n\t\t\t\t\t<div id=\"pxl_text_editor-a180412-8539\" class=\"pxl-image-wg\" duration=\"1\">\n\t<div class=\"pxl-text-editor\">\n\t\t<div class=\"pxl-item--inner wow fadeInUp\" data-wow-delay=\"500ms\">\n\t\t\t<p><span style=\"font-weight: 400\">Pediatric dentistry is a branch of dentistry that aims to protect the oral and dental health of children from infancy through adolescence, monitor their developmental processes, and treat any potential problems at an early stage. Since children\u2019s tooth structure, jaw development, and oral tissues differ from those of adults, this field is practiced by pediatric dentists (pedodontists) who have received specialized training.<\/span><\/p><p><span style=\"font-weight: 400\">Dental problems that begin in childhood can develop into serious oral and dental issues in later years. For this reason, pediatric dentistry is an important field of healthcare that encompasses not only treatment but also preventive dental care.<\/span><\/p>\t\t\n\t\t<\/div>\n\t<\/div>\n<\/div>\t\t\t\t<\/div>\n\t\t\t\t<\/div>\n\t\t\t\t<div class=\"elementor-element elementor-element-376de01 elementor-widget elementor-widget-pxl_button\" data-id=\"376de01\" data-element_type=\"widget\" data-widget_type=\"pxl_button.default\">\n\t\t\t\t<div class=\"elementor-widget-container\">\n\t\t\t\t\t<div id=\"pxl-pxl_button-376de01-8419\" class=\"pxl-button pxl-atc-link wow fadeInUp\" data-wow-delay=\"700ms\">\r\n    <a href=\"https:\/\/www.tarikahmet.com\/en\/booking\/\" class=\"btn pxl-icon-active btn-default wow fadeInUp pxl-icon--left\" data-wow-delay=\"700ms\" data-onepage-offset=\"\">\r\n        \r\n                \r\n        <span class=\"pxl--btn-text\" data-text=\"Randevu Al\">\r\n            Schedule an Appointment        <\/span>\r\n        \r\n                    <span class=\"pxl--text-wrap\">\r\n                <span class=\"pxl--btn-text1\">Schedule an Appointment<\/span>\r\n                <span class=\"pxl--btn-text2\">Schedule an Appointment<\/span>\r\n            <\/span>\r\n         \r\n\r\n    <\/a>\r\n<\/div>\t\t\t\t<\/div>\n\t\t\t\t<\/div>\n\t\t\t\t<\/div>\r\n\t\t\t\t\t<\/div>\r\n\t\t\t\t<\/div>\r\n\t\t<div class=\"elementor-element elementor-element-791ae50 e-flex e-con-boxed pxl-column-none pxl-row-scroll-none pxl-zoom-point-false pxl-section-overflow-visible pxl-section-fix-none pxl-full-content-with-space-none pxl-bg-color-none pxl-section-overlay-none e-con e-parent\" data-id=\"791ae50\" data-element_type=\"container\">\t\t\t<div class=\"e-con-inner\">\r\n\t\t\t\t<div class=\"elementor-element elementor-element-f5fc3dd elementor-widget elementor-widget-text-editor\" data-id=\"f5fc3dd\" data-element_type=\"widget\" data-widget_type=\"text-editor.default\">\n\t\t\t\t\t\t\t\t\t<h2><span style=\"font-weight: 400;\">When Should a Child Have a Dental Checkup?<\/span><\/h2><p><span style=\"font-weight: 400;\">It is recommended that a child\u2019s first dental checkup be scheduled after the first baby tooth erupts or by the age of 1 at the latest. This early checkup allows for monitoring the development of the teeth and detecting potential issues in the early stages.<\/span><\/p><p><span style=\"font-weight: 400;\">Regular check-ups should generally be conducted every 6 months.<\/span><\/p><h2><span style=\"font-weight: 400;\">How Are Pediatric Dentistry Treatments Performed?<\/span><\/h2><p><span style=\"font-weight: 400;\">Pediatric dentistry treatments are planned according to the child\u2019s age, dental development, and oral health status. Pediatric dentists use special techniques during the treatment process, taking the child\u2019s psychology into account.<\/span><\/p><p><span style=\"font-weight: 400;\">The treatment process generally consists of the following stages:<\/span><\/p><ol><li style=\"font-weight: 400;\" aria-level=\"1\"><span style=\"font-weight: 400;\">An oral and dental examination is performed.<\/span><p>\u00a0<\/p><\/li><li style=\"font-weight: 400;\" aria-level=\"1\"><span style=\"font-weight: 400;\">If deemed necessary, the tooth structure is evaluated using X-rays.<\/span><p>\u00a0<\/p><\/li><li style=\"font-weight: 400;\" aria-level=\"1\"><span style=\"font-weight: 400;\">The child\u2019s oral health status is analyzed.<\/span><p>\u00a0<\/p><\/li><li style=\"font-weight: 400;\" aria-level=\"1\"><span style=\"font-weight: 400;\">The treatment plan to be followed is determined.<\/span><p>\u00a0<\/p><\/li><\/ol><p><span style=\"font-weight: 400;\">In pediatric dentistry, various methods can be used to help children feel comfortable. These may include behavioral guidance techniques, local anesthesia, and, in some cases, sedation methods.<\/span><\/p><h2><span style=\"font-weight: 400;\">Why Are Baby Teeth Important?<\/span><\/h2><p><span style=\"font-weight: 400;\">Although baby teeth are temporary, they play a crucial role in children\u2019s oral health. Many parents may neglect the treatment of these teeth because they assume they will eventually fall out. However, baby teeth are critical for children\u2019s healthy development.<\/span><\/p><p><span style=\"font-weight: 400;\">If cavities in baby teeth are left untreated, they can lead to problems such as pain, infection, and premature tooth loss.<\/span><\/p><h2><span style=\"font-weight: 400;\">What Causes Tooth Decay in Children?<\/span><\/h2><p><span style=\"font-weight: 400;\">Tooth decay is a very common oral health problem in children. In particular, excessive consumption of sugary foods and inadequate oral hygiene can accelerate the development of cavities.<\/span><\/p><p><span style=\"font-weight: 400;\">The main factors contributing to tooth decay in children are as follows:<\/span><\/p><ul><li style=\"font-weight: 400;\" aria-level=\"1\"><span style=\"font-weight: 400;\">Frequent consumption of sugary and acidic foods<\/span><p>\u00a0<\/p><\/li><li style=\"font-weight: 400;\" aria-level=\"1\"><span style=\"font-weight: 400;\">Failure to brush teeth regularly<\/span><p>\u00a0<\/p><\/li><li style=\"font-weight: 400;\" aria-level=\"1\"><span style=\"font-weight: 400;\">Nighttime eating habits<\/span><p>\u00a0<\/p><\/li><li style=\"font-weight: 400;\" aria-level=\"1\"><span style=\"font-weight: 400;\">Inadequate oral hygiene<\/span><p>\u00a0<\/p><\/li><li style=\"font-weight: 400;\" aria-level=\"1\"><span style=\"font-weight: 400;\">Fluoride deficiency<\/span><p>\u00a0<\/p><\/li><\/ul><p><span style=\"font-weight: 400;\">Cavities detected early can be treated more easily and quickly.<\/span><\/p><h2><span style=\"font-weight: 400;\">How Is Tooth Decay Treated in Children?<\/span><\/h2><p><span style=\"font-weight: 400;\">Tooth decay treatment in children can be performed using different methods depending on the severity of the decay. Pediatric dentists determine the most appropriate treatment based on the child\u2019s age and the condition of the tooth.<\/span><\/p><p><span style=\"font-weight: 400;\">The methods used in decay treatment are as follows:<\/span><\/p><p><span style=\"font-weight: 400;\">Filling treatment:<\/span><\/p><p><span style=\"font-weight: 400;\">The decay is removed, and the tooth is restored using appropriate filling materials.<\/span><\/p><p><span style=\"font-weight: 400;\">Root canal treatment (baby tooth):<\/span><\/p><p><span style=\"font-weight: 400;\">If the decay has progressed, the inner tissue of the tooth is cleaned and sealed with special filling materials.<\/span><\/p><p><span style=\"font-weight: 400;\">Stainless steel crown:<\/span><\/p><p><span style=\"font-weight: 400;\">In baby teeth with significant tooth structure loss, a crown may be placed to protect the tooth.<\/span><\/p><p><span style=\"font-weight: 400;\">When cavities are treated early, tooth loss can be prevented, and the tooth\u2019s natural structure can be preserved.<\/span><\/p><h2><span style=\"font-weight: 400;\">Why Do Children Fear the Dentist?<\/span><\/h2><p><span style=\"font-weight: 400;\">Many children may fear a visit to the dentist. The main reason for this is encountering an unfamiliar environment.<\/span><\/p><p><span style=\"font-weight: 400;\">Pediatric dentists use special approaches to reduce children\u2019s fear. <\/span><span style=\"font-weight: 400;\">These methods help children develop trust in the dentist.<\/span><\/p><h2><span style=\"font-weight: 400;\">What Should Be Considered to Protect Children\u2019s Dental Health?<\/span><\/h2><p><span style=\"font-weight: 400;\">To protect children\u2019s dental health, proper habits must be established at an early age.<\/span><\/p><p><span style=\"font-weight: 400;\">Recommendations:<\/span><\/p><ul><li style=\"font-weight: 400;\" aria-level=\"1\"><span style=\"font-weight: 400;\">Teeth should be brushed at least twice a day<\/span><p>\u00a0<\/p><\/li><li style=\"font-weight: 400;\" aria-level=\"1\"><span style=\"font-weight: 400;\">Consumption of sugary foods should be limited<\/span><p>\u00a0<\/p><\/li><li style=\"font-weight: 400;\" aria-level=\"1\"><span style=\"font-weight: 400;\">Regular dental check-ups should be scheduled<\/span><p>\u00a0<\/p><\/li><li style=\"font-weight: 400;\" aria-level=\"1\"><span style=\"font-weight: 400;\">Toothpaste containing fluoride should be used<\/span><p>\u00a0<\/p><\/li><li style=\"font-weight: 400;\" aria-level=\"1\"><span style=\"font-weight: 400;\">Nighttime eating habits should be monitored<\/span><p>\u00a0<\/p><\/li><\/ul><p><span style=\"font-weight: 400;\">These habits help protect both children\u2019s baby teeth and the permanent teeth that will come in later.<\/span><\/p><h2><span style=\"font-weight: 400;\">Pedodontics for a Healthy Smile in Children<\/span><\/h2><p><span style=\"font-weight: 400;\">Pedodontics is a branch of dentistry that plays a major role in protecting children\u2019s oral and dental health. Through early checkups and preventive treatments, children\u2019s dental health can be safeguarded.<\/span><\/p><p><span style=\"font-weight: 400;\">Thanks to regular dental checkups, proper oral hygiene habits, and early intervention, children can have healthy teeth and a strong smile.<\/span><\/p><p><span style=\"font-weight: 400;\">Oral hygiene habits established during childhood lay the foundation for a person\u2019s lifelong dental health. For this reason, pediatric dentistry is of great importance for both current and future oral health.<\/span><\/p>\t\t\t\t\t\t\t\t<\/div>\n\t\t\t\t\t<\/div>\r\n\t\t\t\t<\/div>\r\n\t\t\t\t<\/div>","protected":false},"excerpt":{"rendered":"<p>Dt. Tar\u0131k Ahmet Pedodonti Nedir? Pedodonti, bebeklik d\u00f6neminden ergenlik ya\u015f\u0131na kadar olan \u00e7ocuklar\u0131n a\u011f\u0131z ve di\u015f sa\u011fl\u0131\u011f\u0131n\u0131 korumay\u0131, geli\u015fim s\u00fcre\u00e7lerini takip etmeyi ve olu\u015fabilecek sorunlar\u0131 erken d\u00f6nemde tedavi etmeyi ama\u00e7layan di\u015f hekimli\u011fi dal\u0131d\u0131r. \u00c7ocuklar\u0131n di\u015f yap\u0131s\u0131, \u00e7ene geli\u015fimi ve a\u011f\u0131z dokular\u0131 yeti\u015fkinlerden farkl\u0131 oldu\u011fu i\u00e7in bu alan \u00f6zel e\u011fitim alm\u0131\u015f \u00e7ocuk di\u015f hekimleri (pedodontistler) taraf\u0131ndan [&hellip;]<\/p>","protected":false},"author":1,"featured_media":0,"parent":0,"menu_order":0,"comment_status":"closed","ping_status":"closed","template":"","meta":{"footnotes":""},"class_list":["post-3543","page","type-page","status-publish","hentry"],"_links":{"self":[{"href":"https:\/\/www.tarikahmet.com\/en\/wp-json\/wp\/v2\/pages\/3543","targetHints":{"allow":["GET"]}}],"collection":[{"href":"https:\/\/www.tarikahmet.com\/en\/wp-json\/wp\/v2\/pages"}],"about":[{"href":"https:\/\/www.tarikahmet.com\/en\/wp-json\/wp\/v2\/types\/page"}],"author":[{"embeddable":true,"href":"https:\/\/www.tarikahmet.com\/en\/wp-json\/wp\/v2\/users\/1"}],"replies":[{"embeddable":true,"href":"https:\/\/www.tarikahmet.com\/en\/wp-json\/wp\/v2\/comments?post=3543"}],"version-history":[{"count":10,"href":"https:\/\/www.tarikahmet.com\/en\/wp-json\/wp\/v2\/pages\/3543\/revisions"}],"predecessor-version":[{"id":3671,"href":"https:\/\/www.tarikahmet.com\/en\/wp-json\/wp\/v2\/pages\/3543\/revisions\/3671"}],"wp:attachment":[{"href":"https:\/\/www.tarikahmet.com\/en\/wp-json\/wp\/v2\/media?parent=3543"}],"curies":[{"name":"wp","href":"https:\/\/api.w.org\/{rel}","templated":true}]}}