{"id":3548,"date":"2026-03-16T15:01:59","date_gmt":"2026-03-16T15:01:59","guid":{"rendered":"https:\/\/www.tarikahmet.com\/?page_id=3548"},"modified":"2026-04-27T00:10:32","modified_gmt":"2026-04-27T00:10:32","slug":"ayni-gun-dis-hekimligi","status":"publish","type":"page","link":"https:\/\/www.tarikahmet.com\/en\/ayni-gun-dis-hekimligi\/","title":{"rendered":"Same-Day Dentistry"},"content":{"rendered":"<div data-elementor-type=\"wp-page\" data-elementor-id=\"3548\" class=\"elementor elementor-3548\">\n\t\t\t\t<div class=\"elementor-element elementor-element-960dc75 e-flex e-con-boxed pxl-column-none pxl-row-scroll-none pxl-zoom-point-false pxl-section-overflow-visible pxl-section-fix-none pxl-full-content-with-space-none pxl-bg-color-none pxl-section-overlay-none e-con e-parent\" data-id=\"960dc75\" data-element_type=\"container\">\t\t\t<div class=\"e-con-inner\">\r\n\t\t<div class=\"elementor-element elementor-element-10a6538 e-con-full e-flex pxl-column-none pxl-row-scroll-none pxl-zoom-point-false pxl-section-overflow-visible pxl-section-fix-none pxl-full-content-with-space-none pxl-bg-color-none pxl-section-overlay-none e-con e-child\" data-id=\"10a6538\" data-element_type=\"container\"><div class=\"elementor-element elementor-element-48d5b4c e-con-full e-flex pxl-column-none pxl-row-scroll-none pxl-zoom-point-false pxl-section-overflow-visible pxl-section-fix-none pxl-full-content-with-space-none pxl-bg-color-none pxl-section-overlay-none e-con e-child\" data-id=\"48d5b4c\" data-element_type=\"container\">\t\t<div class=\"elementor-element elementor-element-0a51e32 elementor-widget elementor-widget-pxl_image\" data-id=\"0a51e32\" data-element_type=\"widget\" data-widget_type=\"pxl_image.default\">\n\t\t\t\t<div class=\"elementor-widget-container\">\n\t\t\t\t\t<div id=\"pxl_image-0a51e32-6592\" class=\"pxl-image-single  style-default wow zoomInSmall\" data-wow-delay=\"300ms\" >\r\n    <div class=\"pxl-item--inner\" data-wow-delay=\"120ms\">\r\n        \r\n                                <div class=\"pxl-item--bg bg-image wow scaleIn\" data-wow-delay=\"300ms\" style=\"background-image: url(https:\/\/www.tarikahmet.com\/wp-content\/uploads\/2026\/03\/aynigundishekimligi1.png);\"><\/div>\r\n                                <\/div>\r\n<\/div>\t\t\t\t<\/div>\n\t\t\t\t<\/div>\n\t\t\t\t<\/div>\r\n\t\t<div class=\"elementor-element elementor-element-7f54c12 e-con-full e-flex pxl-column-none pxl-row-scroll-none pxl-zoom-point-false pxl-section-overflow-visible pxl-section-fix-none pxl-full-content-with-space-none pxl-bg-color-none pxl-section-overlay-none e-con e-child\" data-id=\"7f54c12\" data-element_type=\"container\">\t\t<div class=\"elementor-element elementor-element-b42a622 elementor-widget elementor-widget-pxl_image\" data-id=\"b42a622\" data-element_type=\"widget\" data-widget_type=\"pxl_image.default\">\n\t\t\t\t<div class=\"elementor-widget-container\">\n\t\t\t\t\t<div id=\"pxl_image-b42a622-7803\" class=\"pxl-image-single  style-default wow zoomInSmall\" data-wow-delay=\"500ms\" >\r\n    <div class=\"pxl-item--inner\" data-wow-delay=\"120ms\">\r\n        \r\n                                <div class=\"pxl-item--bg bg-image wow scaleIn\" data-wow-delay=\"500ms\" style=\"background-image: url(https:\/\/www.tarikahmet.com\/wp-content\/uploads\/2026\/03\/aynigundishekimligi2.png);\"><\/div>\r\n                                <\/div>\r\n<\/div>\t\t\t\t<\/div>\n\t\t\t\t<\/div>\n\t\t\t\t<\/div>\r\n\t\t\t\t<\/div>\r\n\t\t<div class=\"elementor-element elementor-element-f1cfdef e-con-full e-flex pxl-column-none pxl-row-scroll-none pxl-zoom-point-false pxl-section-overflow-visible pxl-section-fix-none pxl-full-content-with-space-none pxl-bg-color-none pxl-section-overlay-none e-con e-child\" data-id=\"f1cfdef\" data-element_type=\"container\">\t\t<div class=\"elementor-element elementor-element-f535c9a elementor-widget elementor-widget-pxl_heading\" data-id=\"f535c9a\" data-element_type=\"widget\" data-widget_type=\"pxl_heading.default\">\n\t\t\t\t<div class=\"elementor-widget-container\">\n\t\t\t\t\t<div id=\"pxl-pxl_heading-f535c9a-1670\" class=\"pxl-heading px-sub-title-default-style\">\n\t<div class=\"pxl-heading--inner\">\n\t\t\n\t\t\t\t\t<div class=\"pxl-item--subtitle px-sub-title-default wow fadeInUp\" data-wow-delay=\"300ms\">\n\t\t\t\t\t\t\t\t<span class=\"pxl-item--subtext\">\n\t\t\t\t\tDt. Tar\u0131k Ahmet\t\t\t\t<\/span>\n\t\t\t<\/div>\n\t\t\n\t\t<h2 class=\"pxl-item--title wow fadeInUp\" data-wow-delay=\"400ms\">\n\t\t\tWhat Is Same-Day Dentistry?\t\t\n\t\t<\/h2>\n\n\t\t\t\t\n\t<\/div>\n<\/div>\t\t\t\t<\/div>\n\t\t\t\t<\/div>\n\t\t\t\t<div class=\"elementor-element elementor-element-a180412 elementor-widget elementor-widget-pxl_text_editor\" data-id=\"a180412\" data-element_type=\"widget\" data-widget_type=\"pxl_text_editor.default\">\n\t\t\t\t<div class=\"elementor-widget-container\">\n\t\t\t\t\t<div id=\"pxl_text_editor-a180412-9736\" class=\"pxl-image-wg\" duration=\"1\">\n\t<div class=\"pxl-text-editor\">\n\t\t<div class=\"pxl-item--inner wow fadeInUp\" data-wow-delay=\"500ms\">\n\t\t\t<p><span style=\"font-weight: 400\">Same-day dentistry is an advanced treatment approach that enables many dental procedures to be completed in a single appointment, thanks to modern digital dental technologies. While traditional dental treatments require taking impressions, a laboratory process, and multiple appointments, same-day dentistry procedures can be completed quickly using these digital systems.<\/span><\/p><p><span style=\"font-weight: 400\">This method offers significant benefits, particularly for treatments such as crowns, porcelain restorations, implant-supported prosthetics, and cosmetic dentistry. Thanks to digital measurement systems, computer-aided design (CAD), and computer-aided manufacturing (CAM) technologies, dental restorations can be prepared in the clinic in a short amount of time.<\/span><\/p>\t\t\n\t\t<\/div>\n\t<\/div>\n<\/div>\t\t\t\t<\/div>\n\t\t\t\t<\/div>\n\t\t\t\t<div class=\"elementor-element elementor-element-376de01 elementor-widget elementor-widget-pxl_button\" data-id=\"376de01\" data-element_type=\"widget\" data-widget_type=\"pxl_button.default\">\n\t\t\t\t<div class=\"elementor-widget-container\">\n\t\t\t\t\t<div id=\"pxl-pxl_button-376de01-2097\" class=\"pxl-button pxl-atc-link wow fadeInUp\" data-wow-delay=\"700ms\">\r\n    <a href=\"https:\/\/www.tarikahmet.com\/en\/booking\/\" class=\"btn pxl-icon-active btn-default wow fadeInUp pxl-icon--left\" data-wow-delay=\"700ms\" data-onepage-offset=\"\">\r\n        \r\n                \r\n        <span class=\"pxl--btn-text\" data-text=\"Randevu Al\">\r\n            Schedule an Appointment        <\/span>\r\n        \r\n                    <span class=\"pxl--text-wrap\">\r\n                <span class=\"pxl--btn-text1\">Schedule an Appointment<\/span>\r\n                <span class=\"pxl--btn-text2\">Schedule an Appointment<\/span>\r\n            <\/span>\r\n         \r\n\r\n    <\/a>\r\n<\/div>\t\t\t\t<\/div>\n\t\t\t\t<\/div>\n\t\t\t\t<\/div>\r\n\t\t\t\t\t<\/div>\r\n\t\t\t\t<\/div>\r\n\t\t<div class=\"elementor-element elementor-element-791ae50 e-flex e-con-boxed pxl-column-none pxl-row-scroll-none pxl-zoom-point-false pxl-section-overflow-visible pxl-section-fix-none pxl-full-content-with-space-none pxl-bg-color-none pxl-section-overlay-none e-con e-parent\" data-id=\"791ae50\" data-element_type=\"container\">\t\t\t<div class=\"e-con-inner\">\r\n\t\t\t\t<div class=\"elementor-element elementor-element-f5fc3dd elementor-widget elementor-widget-text-editor\" data-id=\"f5fc3dd\" data-element_type=\"widget\" data-widget_type=\"text-editor.default\">\n\t\t\t\t\t\t\t\t\t<h2><span style=\"font-weight: 400;\">How Is Same-Day Dentistry Performed?<\/span><\/h2><p><span style=\"font-weight: 400;\">Same-day dentistry is a comprehensive treatment process utilizing digital dental technologies. In this method, measurement, design, and production are performed using digital systems.<\/span><\/p><p><span style=\"font-weight: 400;\">The treatment process generally consists of the following stages:<\/span><\/p><ol><li style=\"font-weight: 400;\" aria-level=\"1\"><span style=\"font-weight: 400;\">A digital oral scan is performed.<\/span><span style=\"font-weight: 400;\"><br \/><\/span><span style=\"font-weight: 400;\"><br \/><\/span><span style=\"font-weight: 400;\"> Instead of traditional impression trays, intraoral scanners are used to obtain a three-dimensional image of the teeth.<\/span><p>\u00a0<\/p><\/li><li style=\"font-weight: 400;\" aria-level=\"1\"><span style=\"font-weight: 400;\">Design is performed in a computer environment.<\/span><span style=\"font-weight: 400;\"><br \/><\/span><span style=\"font-weight: 400;\"><br \/><\/span><span style=\"font-weight: 400;\"> A crown or restoration is designed based on the obtained digital model.<\/span><p>\u00a0<\/p><\/li><li style=\"font-weight: 400;\" aria-level=\"1\"><span style=\"font-weight: 400;\">The restoration is manufactured.<\/span><span style=\"font-weight: 400;\"><br \/><\/span><span style=\"font-weight: 400;\"><br \/><\/span><span style=\"font-weight: 400;\"> Thanks to CAD\/CAM technology, the designed dental restoration is fabricated using in-house production equipment.<\/span><p>\u00a0<\/p><\/li><li style=\"font-weight: 400;\" aria-level=\"1\"><span style=\"font-weight: 400;\">The restoration is placed on the tooth.<\/span><span style=\"font-weight: 400;\"><br \/><\/span><span style=\"font-weight: 400;\"><br \/><\/span><span style=\"font-weight: 400;\"> The prepared crown or restoration is placed on the tooth on the same day.<\/span><p>\u00a0<\/p><\/li><\/ol><p><span style=\"font-weight: 400;\">Thanks to this process, patients can complete their treatment in a single appointment without having to wait several days or weeks.<\/span><\/p><h2><span style=\"font-weight: 400;\">Which Procedures Are Suitable for Same-Day Dental Treatment?<\/span><\/h2><p><span style=\"font-weight: 400;\">Same-day dentistry can be applied to many different dental treatments. Thanks to advancements in digital technology, the number of treatments that can be completed in a single day is steadily increasing.<\/span><\/p><p><span style=\"font-weight: 400;\">The most commonly performed treatments are as follows:<\/span><\/p><ul><li style=\"font-weight: 400;\" aria-level=\"1\"><span style=\"font-weight: 400;\">Porcelain dental crowns<\/span><p>\u00a0<\/p><\/li><li style=\"font-weight: 400;\" aria-level=\"1\"><span style=\"font-weight: 400;\">Laminate (porcelain veneer) applications<\/span><p>\u00a0<\/p><\/li><li style=\"font-weight: 400;\" aria-level=\"1\"><span style=\"font-weight: 400;\">Zirconia crowns<\/span><p>\u00a0<\/p><\/li><li style=\"font-weight: 400;\" aria-level=\"1\"><span style=\"font-weight: 400;\">Inlay and onlay restorations<\/span><p>\u00a0<\/p><\/li><li style=\"font-weight: 400;\" aria-level=\"1\"><span style=\"font-weight: 400;\">Aesthetic dental fillings<\/span><p>\u00a0<\/p><\/li><li style=\"font-weight: 400;\" aria-level=\"1\"><span style=\"font-weight: 400;\">Some temporary prosthetics for implants<\/span><p>\u00a0<\/p><\/li><\/ul><p><span style=\"font-weight: 400;\">Which procedures can be performed on the same day depends on the product\u2019s composition and quality.<\/span><\/p><h2><span style=\"font-weight: 400;\">How Is Same-Day Dental Crown Treatment Performed?<\/span><\/h2><p><span style=\"font-weight: 400;\">Same-day dental crown treatment is a dental procedure that can be completed in a single session using digital scanning and manufacturing systems.<\/span><\/p><h2><span style=\"font-weight: 400;\">How Is a Same-Day Dental Implant Performed?<\/span><\/h2><p><span style=\"font-weight: 400;\">Some implant treatments can be performed on the same day. This method is generally referred to as immediate implant or same-day implant placement.<\/span><\/p><p><span style=\"font-weight: 400;\">The treatment process generally consists of the following stages:<\/span><\/p><ol><li style=\"font-weight: 400;\" aria-level=\"1\"><span style=\"font-weight: 400;\">Examining the area with the missing tooth.<\/span><p>\u00a0<\/p><\/li><li style=\"font-weight: 400;\" aria-level=\"1\"><span style=\"font-weight: 400;\">The characteristics of the jawbone for the implant are analyzed.<\/span><p>\u00a0<\/p><\/li><li style=\"font-weight: 400;\" aria-level=\"1\"><span style=\"font-weight: 400;\">The implant is placed into the jawbone.<\/span><p>\u00a0<\/p><\/li><li style=\"font-weight: 400;\" aria-level=\"1\"><span style=\"font-weight: 400;\">A temporary tooth can be placed on the same day.<\/span><p>\u00a0<\/p><\/li><\/ol><p><span style=\"font-weight: 400;\">However, this procedure may not be suitable for every patient. An evaluation by the dentist is necessary based on bone structure and the preservation of oral health.<\/span><\/p><h2><span style=\"font-weight: 400;\">Is Same-Day Dentistry Safe?<\/span><\/h2><p><span style=\"font-weight: 400;\">Same-day dentistry is a safe treatment method when performed using modern technologies. Thanks to digital measurement systems, the margin of error is very low, and restorations can be prepared with high precision.<\/span><\/p><p><span style=\"font-weight: 400;\">When treatments are planned by specialist dentists, same-day dentistry is a safe and effective method.<\/span><\/p><h2><span style=\"font-weight: 400;\">How Long Does Same-Day Dentistry Take?<\/span><\/h2><p><span style=\"font-weight: 400;\">Same-day dental treatment can typically be completed in 1 to 3 hours. The duration of the treatment can be adjusted depending on the procedure.<\/span><\/p><p><span style=\"font-weight: 400;\">However, in most cases, the treatment is completed in a single appointment.<\/span><\/p><h2><span style=\"font-weight: 400;\">Is Same-Day Dentistry Suitable for Everyone?<\/span><\/h2><p><span style=\"font-weight: 400;\">While same-day dentistry is applicable for many patients, traditional treatment methods may be preferred in certain cases.<\/span><\/p><p><span style=\"font-weight: 400;\">The following factors are important in determining suitability:<\/span><\/p><ul><li style=\"font-weight: 400;\" aria-level=\"1\"><span style=\"font-weight: 400;\">The current condition of the tooth<\/span><p>\u00a0<\/p><\/li><li style=\"font-weight: 400;\" aria-level=\"1\"><span style=\"font-weight: 400;\">Gum health<\/span><p>\u00a0<\/p><\/li><li style=\"font-weight: 400;\" aria-level=\"1\"><span style=\"font-weight: 400;\">The structure of the jaw position<\/span><p>\u00a0<\/p><\/li><li style=\"font-weight: 400;\" aria-level=\"1\"><span style=\"font-weight: 400;\">The patient\u2019s overall oral health<\/span><p>\u00a0<\/p><\/li><\/ul><p><span style=\"font-weight: 400;\">For this reason, the treatment plan must be determined following an examination by the dentist.<\/span><\/p><h2><span style=\"font-weight: 400;\">What Are the Advantages of Same-Day Dentistry?<\/span><\/h2><p><span style=\"font-weight: 400;\">Same-day dentistry is a modern treatment approach that offers many advantages.<\/span><\/p><p><span style=\"font-weight: 400;\">The main advantages are as follows:<\/span><\/p><ul><li style=\"font-weight: 400;\" aria-level=\"1\"><span style=\"font-weight: 400;\">Treatment in a single appointment<\/span><p>\u00a0<\/p><\/li><li style=\"font-weight: 400;\" aria-level=\"1\"><span style=\"font-weight: 400;\">No waiting time for laboratory work<\/span><p>\u00a0<\/p><\/li><li style=\"font-weight: 400;\" aria-level=\"1\"><span style=\"font-weight: 400;\">High precision thanks to digital measurements<\/span><p>\u00a0<\/p><\/li><li style=\"font-weight: 400;\" aria-level=\"1\"><span style=\"font-weight: 400;\">A comfortable treatment process<\/span><p>\u00a0<\/p><\/li><li style=\"font-weight: 400;\" aria-level=\"1\"><span style=\"font-weight: 400;\">Aesthetic results<\/span><p>\u00a0<\/p><\/li><\/ul><p><span style=\"font-weight: 400;\">Thanks to these advantages, it offers a highly practical treatment option, especially for patients with busy schedules.<\/span><\/p><p>\u00a0<\/p><h2><span style=\"font-weight: 400;\">Fast and Modern Dental Care: Same-Day Dentistry<\/span><\/h2><p><span style=\"font-weight: 400;\">Same-day dentistry is a modern approach that enables dental treatments to be provided more quickly and comfortably thanks to digital technologies. It offers significant convenience, particularly in cosmetic dentistry.<\/span><\/p><p><span style=\"font-weight: 400;\">Today, thanks to advanced digital systems, many dental treatments can be completed in a single appointment. This allows you to achieve a healthy and aesthetically pleasing smile in a short amount of time.<\/span><\/p><p><span style=\"font-weight: 400;\">To determine whether same-day dentistry is suitable for your specific case, a detailed examination and proper assessment by your dentist is essential.<\/span><\/p>\t\t\t\t\t\t\t\t<\/div>\n\t\t\t\t\t<\/div>\r\n\t\t\t\t<\/div>\r\n\t\t\t\t<\/div>","protected":false},"excerpt":{"rendered":"<p>Dt. Tar\u0131k Ahmet Ayn\u0131 G\u00fcn Di\u015f Hekimli\u011fi Nedir? Ayn\u0131 g\u00fcn di\u015f hekimli\u011fi, modern dijital di\u015f hekimli\u011fi teknolojileri sayesinde bir\u00e7ok di\u015f tedavisinin tek bir randevu i\u00e7erisinde tamamlanmas\u0131n\u0131 sa\u011flayan ileri tedavi yakla\u015f\u0131m\u0131d\u0131r. Geleneksel di\u015f tedavilerinde \u00f6l\u00e7\u00fc al\u0131nmas\u0131, laboratuvar s\u00fcreci ve birden fazla randevu gerekebilirken; ayn\u0131 g\u00fcn di\u015f hekimli\u011fi uygulamalar\u0131nda bu s\u00fcre\u00e7ler dijital sistemler sayesinde h\u0131zl\u0131 \u015fekilde tamamlanabilir. [&hellip;]<\/p>","protected":false},"author":1,"featured_media":0,"parent":0,"menu_order":0,"comment_status":"closed","ping_status":"closed","template":"","meta":{"footnotes":""},"class_list":["post-3548","page","type-page","status-publish","hentry"],"_links":{"self":[{"href":"https:\/\/www.tarikahmet.com\/en\/wp-json\/wp\/v2\/pages\/3548","targetHints":{"allow":["GET"]}}],"collection":[{"href":"https:\/\/www.tarikahmet.com\/en\/wp-json\/wp\/v2\/pages"}],"about":[{"href":"https:\/\/www.tarikahmet.com\/en\/wp-json\/wp\/v2\/types\/page"}],"author":[{"embeddable":true,"href":"https:\/\/www.tarikahmet.com\/en\/wp-json\/wp\/v2\/users\/1"}],"replies":[{"embeddable":true,"href":"https:\/\/www.tarikahmet.com\/en\/wp-json\/wp\/v2\/comments?post=3548"}],"version-history":[{"count":10,"href":"https:\/\/www.tarikahmet.com\/en\/wp-json\/wp\/v2\/pages\/3548\/revisions"}],"predecessor-version":[{"id":3674,"href":"https:\/\/www.tarikahmet.com\/en\/wp-json\/wp\/v2\/pages\/3548\/revisions\/3674"}],"wp:attachment":[{"href":"https:\/\/www.tarikahmet.com\/en\/wp-json\/wp\/v2\/media?parent=3548"}],"curies":[{"name":"wp","href":"https:\/\/api.w.org\/{rel}","templated":true}]}}